{"id":1578,"date":"2023-06-27T15:58:15","date_gmt":"2023-06-27T15:58:15","guid":{"rendered":"https:\/\/rimelec.ec\/?page_id=1578"},"modified":"2023-06-27T22:25:25","modified_gmt":"2023-06-27T22:25:25","slug":"espatulas","status":"publish","type":"page","link":"https:\/\/rimelec.ec\/index.php\/espatulas\/","title":{"rendered":"Esp\u00e1tulas &#038; Pa\u00f1os de Limpieza"},"content":{"rendered":"\t\t<div data-elementor-type=\"wp-page\" data-elementor-id=\"1578\" class=\"elementor elementor-1578\">\n\t\t\t\t\t\t\t\t\t<section class=\"elementor-section elementor-top-section elementor-element elementor-element-c1720b0 elementor-section-boxed elementor-section-height-default elementor-section-height-default\" data-id=\"c1720b0\" data-element_type=\"section\">\n\t\t\t\t\t\t<div class=\"elementor-container elementor-column-gap-default\">\n\t\t\t\t\t<div class=\"elementor-column elementor-col-50 elementor-top-column elementor-element elementor-element-f7258e4\" data-id=\"f7258e4\" data-element_type=\"column\">\n\t\t\t<div class=\"elementor-widget-wrap elementor-element-populated\">\n\t\t\t\t\t\t\t\t<div class=\"elementor-element elementor-element-be5b8c0 elementor-position-top elementor-vertical-align-top elementor-widget elementor-widget-image-box\" data-id=\"be5b8c0\" data-element_type=\"widget\" data-widget_type=\"image-box.default\">\n\t\t\t\t<div class=\"elementor-widget-container\">\n\t\t\t<style>\/*! elementor - v3.13.3 - 28-05-2023 *\/\n.elementor-widget-image-box .elementor-image-box-content{width:100%}@media (min-width:768px){.elementor-widget-image-box.elementor-position-left .elementor-image-box-wrapper,.elementor-widget-image-box.elementor-position-right .elementor-image-box-wrapper{display:flex}.elementor-widget-image-box.elementor-position-right .elementor-image-box-wrapper{text-align:right;flex-direction:row-reverse}.elementor-widget-image-box.elementor-position-left .elementor-image-box-wrapper{text-align:left;flex-direction:row}.elementor-widget-image-box.elementor-position-top .elementor-image-box-img{margin:auto}.elementor-widget-image-box.elementor-vertical-align-top .elementor-image-box-wrapper{align-items:flex-start}.elementor-widget-image-box.elementor-vertical-align-middle .elementor-image-box-wrapper{align-items:center}.elementor-widget-image-box.elementor-vertical-align-bottom .elementor-image-box-wrapper{align-items:flex-end}}@media (max-width:767px){.elementor-widget-image-box .elementor-image-box-img{margin-left:auto!important;margin-right:auto!important;margin-bottom:15px}}.elementor-widget-image-box .elementor-image-box-img{display:inline-block}.elementor-widget-image-box .elementor-image-box-title a{color:inherit}.elementor-widget-image-box .elementor-image-box-wrapper{text-align:center}.elementor-widget-image-box .elementor-image-box-description{margin:0}<\/style><div class=\"elementor-image-box-wrapper\"><figure class=\"elementor-image-box-img\"><img loading=\"lazy\" decoding=\"async\" width=\"1100\" height=\"600\" src=\"https:\/\/rimelec.ec\/wp-content\/uploads\/2023\/06\/espatulas.png\" class=\"attachment-full size-full wp-image-1613\" alt=\"\" srcset=\"https:\/\/rimelec.ec\/wp-content\/uploads\/2023\/06\/espatulas.png 1100w, https:\/\/rimelec.ec\/wp-content\/uploads\/2023\/06\/espatulas-300x164.png 300w, https:\/\/rimelec.ec\/wp-content\/uploads\/2023\/06\/espatulas-1024x559.png 1024w, https:\/\/rimelec.ec\/wp-content\/uploads\/2023\/06\/espatulas-768x419.png 768w\" sizes=\"auto, (max-width: 1100px) 100vw, 1100px\" \/><\/figure><div class=\"elementor-image-box-content\"><h3 class=\"elementor-image-box-title\">Esp\u00e1tulas<\/h3><p class=\"elementor-image-box-description\">Esp\u00e1tulas de pl\u00e1stico adecuadas para mover y retirar la tinta de la pantalla de serigraf\u00eda. Un accesorio fundamental en serigraf\u00eda.\nEspecial para remover los productos de estampaci\u00f3n<\/p><\/div><\/div>\t\t<\/div>\n\t\t\t\t<\/div>\n\t\t\t\t\t<\/div>\n\t\t<\/div>\n\t\t\t\t<div class=\"elementor-column elementor-col-50 elementor-top-column elementor-element elementor-element-5ce05ab\" data-id=\"5ce05ab\" data-element_type=\"column\">\n\t\t\t<div class=\"elementor-widget-wrap elementor-element-populated\">\n\t\t\t\t\t\t\t\t<div class=\"elementor-element elementor-element-301a427 elementor-position-top elementor-vertical-align-top elementor-widget elementor-widget-image-box\" data-id=\"301a427\" data-element_type=\"widget\" data-widget_type=\"image-box.default\">\n\t\t\t\t<div class=\"elementor-widget-container\">\n\t\t\t<div class=\"elementor-image-box-wrapper\"><figure class=\"elementor-image-box-img\"><img loading=\"lazy\" decoding=\"async\" width=\"1100\" height=\"600\" src=\"https:\/\/rimelec.ec\/wp-content\/uploads\/2023\/06\/esponja.png\" class=\"attachment-full size-full wp-image-1615\" alt=\"\" srcset=\"https:\/\/rimelec.ec\/wp-content\/uploads\/2023\/06\/esponja.png 1100w, https:\/\/rimelec.ec\/wp-content\/uploads\/2023\/06\/esponja-300x164.png 300w, https:\/\/rimelec.ec\/wp-content\/uploads\/2023\/06\/esponja-1024x559.png 1024w, https:\/\/rimelec.ec\/wp-content\/uploads\/2023\/06\/esponja-768x419.png 768w\" sizes=\"auto, (max-width: 1100px) 100vw, 1100px\" \/><\/figure><div class=\"elementor-image-box-content\"><h3 class=\"elementor-image-box-title\">Pa\u00f1os de Limpieza<\/h3><p class=\"elementor-image-box-description\">Esponja sist\u00e9tica , con cerdas suaves que proteje las mallas de rayones y rasgados, <\/p><\/div><\/div>\t\t<\/div>\n\t\t\t\t<\/div>\n\t\t\t\t\t<\/div>\n\t\t<\/div>\n\t\t\t\t\t\t\t<\/div>\n\t\t<\/section>\n\t\t\t\t<section class=\"elementor-section elementor-top-section elementor-element elementor-element-b0adf8e elementor-section-boxed elementor-section-height-default elementor-section-height-default\" data-id=\"b0adf8e\" data-element_type=\"section\">\n\t\t\t\t\t\t<div class=\"elementor-container elementor-column-gap-default\">\n\t\t\t\t\t<div class=\"elementor-column elementor-col-100 elementor-top-column elementor-element elementor-element-ba13a9c\" data-id=\"ba13a9c\" data-element_type=\"column\">\n\t\t\t<div class=\"elementor-widget-wrap elementor-element-populated\">\n\t\t\t\t\t\t\t\t<div class=\"elementor-element elementor-element-155f3f9 elementor-widget elementor-widget-spacer\" data-id=\"155f3f9\" data-element_type=\"widget\" data-widget_type=\"spacer.default\">\n\t\t\t\t<div class=\"elementor-widget-container\">\n\t\t\t<style>\/*! elementor - v3.13.3 - 28-05-2023 *\/\n.elementor-column .elementor-spacer-inner{height:var(--spacer-size)}.e-con{--container-widget-width:100%}.e-con-inner>.elementor-widget-spacer,.e-con>.elementor-widget-spacer{width:var(--container-widget-width,var(--spacer-size));--align-self:var(--container-widget-align-self,initial);--flex-shrink:0}.e-con-inner>.elementor-widget-spacer>.elementor-widget-container,.e-con-inner>.elementor-widget-spacer>.elementor-widget-container>.elementor-spacer,.e-con>.elementor-widget-spacer>.elementor-widget-container,.e-con>.elementor-widget-spacer>.elementor-widget-container>.elementor-spacer{height:100%}.e-con-inner>.elementor-widget-spacer>.elementor-widget-container>.elementor-spacer>.elementor-spacer-inner,.e-con>.elementor-widget-spacer>.elementor-widget-container>.elementor-spacer>.elementor-spacer-inner{height:var(--container-widget-height,var(--spacer-size))}<\/style>\t\t<div class=\"elementor-spacer\">\n\t\t\t<div class=\"elementor-spacer-inner\"><\/div>\n\t\t<\/div>\n\t\t\t\t<\/div>\n\t\t\t\t<\/div>\n\t\t\t\t\t<\/div>\n\t\t<\/div>\n\t\t\t\t\t\t\t<\/div>\n\t\t<\/section>\n\t\t\t\t\t\t\t<\/div>\n\t\t","protected":false},"excerpt":{"rendered":"<p>Esp\u00e1tulas Esp\u00e1tulas de pl\u00e1stico adecuadas para mover y retirar la tinta de la pantalla de serigraf\u00eda. Un accesorio fundamental en serigraf\u00eda. Especial para remover los productos de estampaci\u00f3n Pa\u00f1os de Limpieza Esponja sist\u00e9tica , con cerdas suaves que proteje las mallas de rayones y rasgados,<\/p>\n","protected":false},"author":1,"featured_media":0,"parent":0,"menu_order":0,"comment_status":"closed","ping_status":"closed","template":"","meta":{"site-sidebar-layout":"no-sidebar","site-content-layout":"page-builder","ast-global-header-display":"","ast-banner-title-visibility":"","ast-main-header-display":"","ast-hfb-above-header-display":"","ast-hfb-below-header-display":"","ast-hfb-mobile-header-display":"","site-post-title":"disabled","ast-breadcrumbs-content":"","ast-featured-img":"disabled","footer-sml-layout":"","theme-transparent-header-meta":"","adv-header-id-meta":"","stick-header-meta":"","header-above-stick-meta":"","header-main-stick-meta":"","header-below-stick-meta":"","footnotes":""},"class_list":["post-1578","page","type-page","status-publish","hentry"],"_links":{"self":[{"href":"https:\/\/rimelec.ec\/index.php\/wp-json\/wp\/v2\/pages\/1578","targetHints":{"allow":["GET"]}}],"collection":[{"href":"https:\/\/rimelec.ec\/index.php\/wp-json\/wp\/v2\/pages"}],"about":[{"href":"https:\/\/rimelec.ec\/index.php\/wp-json\/wp\/v2\/types\/page"}],"author":[{"embeddable":true,"href":"https:\/\/rimelec.ec\/index.php\/wp-json\/wp\/v2\/users\/1"}],"replies":[{"embeddable":true,"href":"https:\/\/rimelec.ec\/index.php\/wp-json\/wp\/v2\/comments?post=1578"}],"version-history":[{"count":14,"href":"https:\/\/rimelec.ec\/index.php\/wp-json\/wp\/v2\/pages\/1578\/revisions"}],"predecessor-version":[{"id":1627,"href":"https:\/\/rimelec.ec\/index.php\/wp-json\/wp\/v2\/pages\/1578\/revisions\/1627"}],"wp:attachment":[{"href":"https:\/\/rimelec.ec\/index.php\/wp-json\/wp\/v2\/media?parent=1578"}],"curies":[{"name":"wp","href":"https:\/\/api.w.org\/{rel}","templated":true}]}}